{"id":997,"date":"2021-05-18T10:50:55","date_gmt":"2021-05-18T03:50:55","guid":{"rendered":"https:\/\/ppds-germany.com\/?page_id=997"},"modified":"2021-05-25T10:57:55","modified_gmt":"2021-05-25T03:57:55","slug":"fachsprachenprufung","status":"publish","type":"page","link":"https:\/\/ppds-germany.com\/en\/fachsprachenprufung\/","title":{"rendered":"Fachsprachenpr\u00fcfung"},"content":{"rendered":"<div data-elementor-type=\"wp-post\" data-elementor-id=\"997\" class=\"elementor elementor-997\" data-elementor-settings=\"[]\">\n\t\t\t\t\t\t<div class=\"elementor-inner\">\n\t\t\t\t\t\t\t<div class=\"elementor-section-wrap\">\n\t\t\t\t\t\t\t<section data-particle_enable=\"false\" data-particle-mobile-disabled=\"false\" class=\"elementor-section elementor-top-section elementor-element elementor-element-76407c3 elementor-section-full_width elementor-hidden-phone elementor-section-height-default elementor-section-height-default\" data-id=\"76407c3\" data-element_type=\"section\">\n\t\t\t\t\t\t<div class=\"elementor-container elementor-column-gap-no\">\n\t\t\t\t\t\t\t<div class=\"elementor-row\">\n\t\t\t\t\t<div class=\"elementor-column elementor-col-100 elementor-top-column elementor-element elementor-element-09e439a\" data-id=\"09e439a\" data-element_type=\"column\">\n\t\t\t<div class=\"elementor-column-wrap elementor-element-populated\">\n\t\t\t\t\t\t\t<div class=\"elementor-widget-wrap\">\n\t\t\t\t\t\t<div class=\"elementor-element elementor-element-0edd3ce elementor-align-left elementor-widget elementor-widget-bdevs-header\" data-id=\"0edd3ce\" data-element_type=\"widget\" data-widget_type=\"bdevs-header.default\">\n\t\t\t\t<div class=\"elementor-widget-container\">\n\t\t\t\r\n\t\t\r\r\n\r\r\n\t\t<section class=\"page-title-section\">\r\r\n\t\t\t<div class=\"container\">\r\r\n\t\t\t\t<div class=\"row\">\r\r\n\t\t\t\t\t<div class=\"col-xl-12 text-center\">\r\r\n\t\t\t\t\t\t\r\n\t\t\t\t\t\t<h2 class=\"text-uppercase text-white mrb-10\">Fachsprachenpr\u00fcfung<\/h2>\r\r\n\t\t\t\t\t\t\r\n\t\t\t\t\t\t<ul class=\"mb-0 justify-content-center\">\r\r\n\t\t\t\t\t\t\t\r\n\t\t\t\t\t\t\t<li class=\"breadcrumb-item\"><a href=\"https:\/\/ppds-germany.com\/en\/\" class=\"text-white\">Home<\/a><\/li>\r\r\n\t\t\t\t\t\t\t\r\n\t\t\t\t\t\t\t\r\n\t\t\t\t\t\t\t<li class=\"breadcrumb-item text-primary-color\">Fachsprachenpr\u00fcfung<\/li>\r\r\n\t\t\t\t\t\t\t\r\n\t\t\t\t\t\t<\/ul>\r\r\n\t\t\t\t\t<\/div>\r\r\n\t\t\t\t<\/div>\r\r\n\t\t\t<\/div>\r\r\n\t\t<\/section>\r\r\n\t\t\t<\/div>\n\t\t\t\t<\/div>\n\t\t\t\t\t\t<\/div>\n\t\t\t\t\t<\/div>\n\t\t<\/div>\n\t\t\t\t\t\t\t\t<\/div>\n\t\t\t\t\t<\/div>\n\t\t<\/section>\n\t\t\t\t<section data-particle_enable=\"false\" data-particle-mobile-disabled=\"false\" class=\"elementor-section elementor-top-section elementor-element elementor-element-8bef9ec elementor-section-full_width elementor-hidden-desktop elementor-hidden-tablet elementor-section-height-default elementor-section-height-default\" data-id=\"8bef9ec\" data-element_type=\"section\">\n\t\t\t\t\t\t<div class=\"elementor-container elementor-column-gap-no\">\n\t\t\t\t\t\t\t<div class=\"elementor-row\">\n\t\t\t\t\t<div class=\"elementor-column elementor-col-100 elementor-top-column elementor-element elementor-element-8654642\" data-id=\"8654642\" data-element_type=\"column\">\n\t\t\t<div class=\"elementor-column-wrap elementor-element-populated\">\n\t\t\t\t\t\t\t<div class=\"elementor-widget-wrap\">\n\t\t\t\t\t\t<div class=\"elementor-element elementor-element-fb5f11e elementor-align-left elementor-widget elementor-widget-bdevs-header\" data-id=\"fb5f11e\" data-element_type=\"widget\" data-widget_type=\"bdevs-header.default\">\n\t\t\t\t<div class=\"elementor-widget-container\">\n\t\t\t\r\n\t\t\r\r\n\r\r\n\t\t<section class=\"page-title-section\">\r\r\n\t\t\t<div class=\"container\">\r\r\n\t\t\t\t<div class=\"row\">\r\r\n\t\t\t\t\t<div class=\"col-xl-12 text-center\">\r\r\n\t\t\t\t\t\t\r\n\t\t\t\t\t\t<h2 class=\"text-uppercase text-white mrb-10\">Fachspra chenpr\u00fcfung<\/h2>\r\r\n\t\t\t\t\t\t\r\n\t\t\t\t\t\t<ul class=\"mb-0 justify-content-center\">\r\r\n\t\t\t\t\t\t\t\r\n\t\t\t\t\t\t\t<li class=\"breadcrumb-item\"><a href=\"https:\/\/ppds-germany.com\/en\/\" class=\"text-white\">Home<\/a><\/li>\r\r\n\t\t\t\t\t\t\t\r\n\t\t\t\t\t\t\t\r\n\t\t\t\t\t\t\t<li class=\"breadcrumb-item text-primary-color\">Fachspra chenpr\u00fcfung<\/li>\r\r\n\t\t\t\t\t\t\t\r\n\t\t\t\t\t\t<\/ul>\r\r\n\t\t\t\t\t<\/div>\r\r\n\t\t\t\t<\/div>\r\r\n\t\t\t<\/div>\r\r\n\t\t<\/section>\r\r\n\t\t\t<\/div>\n\t\t\t\t<\/div>\n\t\t\t\t\t\t<\/div>\n\t\t\t\t\t<\/div>\n\t\t<\/div>\n\t\t\t\t\t\t\t\t<\/div>\n\t\t\t\t\t<\/div>\n\t\t<\/section>\n\t\t\t\t<section data-particle_enable=\"false\" data-particle-mobile-disabled=\"false\" class=\"elementor-section elementor-top-section elementor-element elementor-element-fd73b1c elementor-section-boxed elementor-section-height-default elementor-section-height-default\" data-id=\"fd73b1c\" data-element_type=\"section\">\n\t\t\t\t\t\t<div class=\"elementor-container elementor-column-gap-no\">\n\t\t\t\t\t\t\t<div class=\"elementor-row\">\n\t\t\t\t\t<div class=\"elementor-column elementor-col-100 elementor-top-column elementor-element elementor-element-b626d17\" data-id=\"b626d17\" data-element_type=\"column\">\n\t\t\t<div class=\"elementor-column-wrap elementor-element-populated\">\n\t\t\t\t\t\t\t<div class=\"elementor-widget-wrap\">\n\t\t\t\t\t\t<div class=\"elementor-element elementor-element-b44c8c5 elementor-widget elementor-widget-text-editor\" data-id=\"b44c8c5\" data-element_type=\"widget\" data-widget_type=\"text-editor.default\">\n\t\t\t\t<div class=\"elementor-widget-container\">\n\t\t\t\t\t<div class=\"elementor-text-editor elementor-clearfix\"><h3>Fachsprachenpr\u00fcfung<\/h3><\/div>\n\t\t\t\t<\/div>\n\t\t\t\t<\/div>\n\t\t\t\t<div class=\"elementor-element elementor-element-b8a01f4 elementor-widget elementor-widget-text-editor\" data-id=\"b8a01f4\" data-element_type=\"widget\" data-widget_type=\"text-editor.default\">\n\t\t\t\t<div class=\"elementor-widget-container\">\n\t\t\t\t\t<div class=\"elementor-text-editor elementor-clearfix\"><p>Fachsprachenpr\u00fcfung is a medical language exam which is one of the requirements to be able to work as a doctor in Germany, you need recognized evidence of your language skills in German for professional recognition from the local medical association to practice medicine in Germany.<\/p><p class=\" translation-block\">One of the requirements for registering for the medical language exam is that general language skills must be proven by a <strong> Goethe-Z Certificate B2 or language certificate <\/strong> which meets at least the B2 level requirements of \"<a href =\" http: \/\/www.europaeischer- referenzrahmen.de\/ \"target =\" _ self \"> Gemeinsamen Europ\u00e4ischen Referenzrahmens f\u00fcr Sprachen <\/a>\u201d (GER) or equivalent language level such as B2 TELC or TESTDAF<\/p><\/div>\n\t\t\t\t<\/div>\n\t\t\t\t<\/div>\n\t\t\t\t\t\t<\/div>\n\t\t\t\t\t<\/div>\n\t\t<\/div>\n\t\t\t\t\t\t\t\t<\/div>\n\t\t\t\t\t<\/div>\n\t\t<\/section>\n\t\t\t\t<section data-particle_enable=\"false\" data-particle-mobile-disabled=\"false\" class=\"elementor-section elementor-top-section elementor-element elementor-element-4f86f56 elementor-section-boxed elementor-section-height-default elementor-section-height-default\" data-id=\"4f86f56\" data-element_type=\"section\" data-settings=\"{&quot;background_background&quot;:&quot;classic&quot;}\">\n\t\t\t\t\t\t<div class=\"elementor-container elementor-column-gap-wide\">\n\t\t\t\t\t\t\t<div class=\"elementor-row\">\n\t\t\t\t\t<div class=\"elementor-column elementor-col-100 elementor-top-column elementor-element elementor-element-e23cfa7\" data-id=\"e23cfa7\" data-element_type=\"column\">\n\t\t\t<div class=\"elementor-column-wrap elementor-element-populated\">\n\t\t\t\t\t\t\t<div class=\"elementor-widget-wrap\">\n\t\t\t\t\t\t<div class=\"elementor-element elementor-element-87e5e6b elementor-widget elementor-widget-toggle\" data-id=\"87e5e6b\" data-element_type=\"widget\" data-widget_type=\"toggle.default\">\n\t\t\t\t<div class=\"elementor-widget-container\">\n\t\t\t\t\t<div class=\"elementor-toggle\" role=\"tablist\">\n\t\t\t\t\t\t\t<div class=\"elementor-toggle-item\">\n\t\t\t\t\t<div id=\"elementor-tab-title-1421\" class=\"elementor-tab-title\" data-tab=\"1\" role=\"tab\" aria-controls=\"elementor-tab-content-1421\">\n\t\t\t\t\t\t\t\t\t\t\t\t<span class=\"elementor-toggle-icon elementor-toggle-icon-left\" aria-hidden=\"true\">\n\t\t\t\t\t\t\t\t\t\t\t\t\t\t\t<span class=\"elementor-toggle-icon-closed\"><i class=\"fas fa-caret-right\"><\/i><\/span>\n\t\t\t\t\t\t\t\t<span class=\"elementor-toggle-icon-opened\"><i class=\"elementor-toggle-icon-opened fas fa-caret-up\"><\/i><\/span>\n\t\t\t\t\t\t\t\t\t\t\t\t\t<\/span>\n\t\t\t\t\t\t\t\t\t\t\t\t<a href=\"\" class=\"elementor-toggle-title\">Who should follow Fachsprachenpr\u00fcfung? <\/a>\n\t\t\t\t\t<\/div>\n\t\t\t\t\t<div id=\"elementor-tab-content-1421\" class=\"elementor-tab-content elementor-clearfix\" data-tab=\"1\" role=\"tabpanel\" aria-labelledby=\"elementor-tab-title-1421\"><p style=\"text-align: justify;\">Anyone in Germany (particularly the province of Baden-W\u00fcrttemberg) applying to a medical association for a license to practice medicine must prove knowledge of the German language required for medical activity by means of a medical language exam, unless the doctor has a degree from a German-speaking university or has a diploma from a school. basic, secondary and general with a curriculum in German with at least ten years of education. Generally all doctors should run this exam. The Fachsprachenpr\u00fcfung is performed live at the local medical association in Germany. After the registration process, the examinee will receive a confirmation of acceptance and a fee notification. The typical exam fee is \u20ac 350-500.<\/p><\/div>\n\t\t\t\t<\/div>\n\t\t\t\t\t\t\t<div class=\"elementor-toggle-item\">\n\t\t\t\t\t<div id=\"elementor-tab-title-1422\" class=\"elementor-tab-title\" data-tab=\"2\" role=\"tab\" aria-controls=\"elementor-tab-content-1422\">\n\t\t\t\t\t\t\t\t\t\t\t\t<span class=\"elementor-toggle-icon elementor-toggle-icon-left\" aria-hidden=\"true\">\n\t\t\t\t\t\t\t\t\t\t\t\t\t\t\t<span class=\"elementor-toggle-icon-closed\"><i class=\"fas fa-caret-right\"><\/i><\/span>\n\t\t\t\t\t\t\t\t<span class=\"elementor-toggle-icon-opened\"><i class=\"elementor-toggle-icon-opened fas fa-caret-up\"><\/i><\/span>\n\t\t\t\t\t\t\t\t\t\t\t\t\t<\/span>\n\t\t\t\t\t\t\t\t\t\t\t\t<a href=\"\" class=\"elementor-toggle-title\">How does Fachsprachenpr\u00fcfung go?<\/a>\n\t\t\t\t\t<\/div>\n\t\t\t\t\t<div id=\"elementor-tab-content-1422\" class=\"elementor-tab-content elementor-clearfix\" data-tab=\"2\" role=\"tabpanel\" aria-labelledby=\"elementor-tab-title-1422\"><p style=\"text-align: justify;\">The medical language exam lasts 60 minutes and is individualized. The examiner is an experienced doctor. The content of the technical language test is a case study of cases in a hospital. The focus of this exam is a matter of understanding (lesen), listening (hoeren) and oral (sprechen) and written (schreiben) expressions. In this exam, medical expertise is not assessed. However, medical expertise is important to pass this medical language test. For example, medical expertise is required for listening comprehension, immediate reproduction of a diagnosis and recommendations for appropriate therapy<\/p><\/div>\n\t\t\t\t<\/div>\n\t\t\t\t\t\t\t<div class=\"elementor-toggle-item\">\n\t\t\t\t\t<div id=\"elementor-tab-title-1423\" class=\"elementor-tab-title\" data-tab=\"3\" role=\"tab\" aria-controls=\"elementor-tab-content-1423\">\n\t\t\t\t\t\t\t\t\t\t\t\t<span class=\"elementor-toggle-icon elementor-toggle-icon-left\" aria-hidden=\"true\">\n\t\t\t\t\t\t\t\t\t\t\t\t\t\t\t<span class=\"elementor-toggle-icon-closed\"><i class=\"fas fa-caret-right\"><\/i><\/span>\n\t\t\t\t\t\t\t\t<span class=\"elementor-toggle-icon-opened\"><i class=\"elementor-toggle-icon-opened fas fa-caret-up\"><\/i><\/span>\n\t\t\t\t\t\t\t\t\t\t\t\t\t<\/span>\n\t\t\t\t\t\t\t\t\t\t\t\t<a href=\"\" class=\"elementor-toggle-title\">Fachsprachenpr\u00fcfung fee<\/a>\n\t\t\t\t\t<\/div>\n\t\t\t\t\t<div id=\"elementor-tab-content-1423\" class=\"elementor-tab-content elementor-clearfix\" data-tab=\"3\" role=\"tabpanel\" aria-labelledby=\"elementor-tab-title-1423\"><p>The fee for the equalization exam varies from state to state. The price is around \u20ac 500 and fees are subject to change from time to time, it is strongly recommended to inquire about current exam fees with the responsible authorities.<\/p><\/div>\n\t\t\t\t<\/div>\n\t\t\t\t\t\t\t<div class=\"elementor-toggle-item\">\n\t\t\t\t\t<div id=\"elementor-tab-title-1424\" class=\"elementor-tab-title\" data-tab=\"4\" role=\"tab\" aria-controls=\"elementor-tab-content-1424\">\n\t\t\t\t\t\t\t\t\t\t\t\t<span class=\"elementor-toggle-icon elementor-toggle-icon-left\" aria-hidden=\"true\">\n\t\t\t\t\t\t\t\t\t\t\t\t\t\t\t<span class=\"elementor-toggle-icon-closed\"><i class=\"fas fa-caret-right\"><\/i><\/span>\n\t\t\t\t\t\t\t\t<span class=\"elementor-toggle-icon-opened\"><i class=\"elementor-toggle-icon-opened fas fa-caret-up\"><\/i><\/span>\n\t\t\t\t\t\t\t\t\t\t\t\t\t<\/span>\n\t\t\t\t\t\t\t\t\t\t\t\t<a href=\"\" class=\"elementor-toggle-title\">The Fachsprachenpr\u00fcfung structure<\/a>\n\t\t\t\t\t<\/div>\n\t\t\t\t\t<div id=\"elementor-tab-content-1424\" class=\"elementor-tab-content elementor-clearfix\" data-tab=\"4\" role=\"tabpanel\" aria-labelledby=\"elementor-tab-title-1424\"><p style=\"text-align: justify;\">The language test consists of three parts, each lasting about 20 minutes:<\/p>\n\n<ol style=\"text-align: justify;\">\n \t<li class=\" translation-block\"><strong>Conversation between doctor and patient (anamnese).<\/strong><\/li>\n<\/ol>\n<p style=\"text-align: justify;\">The first part of the exam involves simulating a doctor-patient conversation. The exam candidate conducts anamnesic interview with the simulated patient. In the conversation, the patient is played by a doctor. The test candidate's job is to explain and establish a diagnosis and provide therapy, and explain the non-invasive and invasive measures to be performed to the patient. Candidates must respond to patient inquiries appropriately. In this sense, listening comprehension (hoeren) is a central part of the exam. Furthermore, the extent to which candidates can respond to patients and ask relevant questions (sprechen).<\/p>\n\n<ol style=\"text-align: justify;\" start=\"2\">\n \t<li><strong>Documentation<\/strong><strong>. <\/strong><\/li>\n<\/ol>\n<p style=\"text-align: justify;\">The second part of the medical language test contains documentation and builds on previous doctor-patient conversations. For this purpose, the examinee receives an anamnesis sheet. On this history sheet, the exam candidate should summarize (schreiben) the medically relevant information obtained in the history taking interview in the doctor's report.<\/p>\n\n<ol style=\"text-align: justify;\" start=\"3\">\n \t<li class=\" translation-block\"><strong> Conversation <\/strong> <strong> between <\/strong> <strong> doctor <\/strong> <strong> and <\/strong><strong>doctor<\/strong> <strong> peer or chief doctor. <\/strong><\/li>\n<\/ol>\n<p style=\"text-align: justify;\">The last part of the medical language test contains interviews of doctors. This involves introducing the patient during handover talks with a medical colleague. In the handover meeting, the candidate informs the doctor from the examining board about the information obtained in the doctor-patient conversation. The information obtained must be structured and reproduced using specialist medical terms. The examiner then asks further questions.<\/p><\/div>\n\t\t\t\t<\/div>\n\t\t\t\t\t<\/div>\n\t\t\t\t<\/div>\n\t\t\t\t<\/div>\n\t\t\t\t<div class=\"elementor-element elementor-element-bf94e03 elementor-widget elementor-widget-spacer\" data-id=\"bf94e03\" data-element_type=\"widget\" data-widget_type=\"spacer.default\">\n\t\t\t\t<div class=\"elementor-widget-container\">\n\t\t\t\t\t<div class=\"elementor-spacer\">\n\t\t\t<div class=\"elementor-spacer-inner\"><\/div>\n\t\t<\/div>\n\t\t\t\t<\/div>\n\t\t\t\t<\/div>\n\t\t\t\t<div class=\"elementor-element elementor-element-b249ccd elementor-hidden-desktop elementor-hidden-tablet elementor-hidden-phone elementor-widget elementor-widget-text-editor\" data-id=\"b249ccd\" data-element_type=\"widget\" data-widget_type=\"text-editor.default\">\n\t\t\t\t<div class=\"elementor-widget-container\">\n\t\t\t\t\t<div class=\"elementor-text-editor elementor-clearfix\"><p><strong><span style=\"color: #0460d9;\">Referensi penunjang: <\/span><\/strong><\/p><ol><li><a href=\"https:\/\/www.aerztekammer-bw.de\/10aerzte\/45fachsprachenpruefung\/01allgemeines\/index.html\">Link 1<\/a><\/li><li><a href=\"https:\/\/approbatio.de\/fachsprachpruefung\/\">Link 2<\/a><\/li><\/ol><\/div>\n\t\t\t\t<\/div>\n\t\t\t\t<\/div>\n\t\t\t\t\t\t<\/div>\n\t\t\t\t\t<\/div>\n\t\t<\/div>\n\t\t\t\t\t\t\t\t<\/div>\n\t\t\t\t\t<\/div>\n\t\t<\/section>\n\t\t\t\t<section data-particle_enable=\"false\" data-particle-mobile-disabled=\"false\" class=\"elementor-section elementor-top-section elementor-element elementor-element-a08ba8f elementor-section-full_width elementor-section-height-default elementor-section-height-default\" data-id=\"a08ba8f\" data-element_type=\"section\">\n\t\t\t\t\t\t<div class=\"elementor-container elementor-column-gap-no\">\n\t\t\t\t\t\t\t<div class=\"elementor-row\">\n\t\t\t\t\t<div class=\"elementor-column elementor-col-100 elementor-top-column elementor-element elementor-element-9ebc55a\" data-id=\"9ebc55a\" data-element_type=\"column\">\n\t\t\t<div class=\"elementor-column-wrap elementor-element-populated\">\n\t\t\t\t\t\t\t<div class=\"elementor-widget-wrap\">\n\t\t\t\t\t\t<div class=\"elementor-element elementor-element-3589dd2 elementor-align-center elementor-widget elementor-widget-bdevs-callto\" data-id=\"3589dd2\" data-element_type=\"widget\" data-widget_type=\"bdevs-callto.default\">\n\t\t\t\t<div class=\"elementor-widget-container\">\n\t\t\t\r\n\t\t\r\r\n\t\t\r\n\t\t<section class=\"call-to-action pdt-50 pdb-50 bg-gradient-color\">\r\r\n\t\t\t<div class=\"container\">\r\r\n\t\t\t\t<div class=\"row\">\r\r\n\t\t\t\t\t<div class=\"col-lg-8 col-xl-8\">\r\r\n\t\t\t\t\t\t<div class=\"subscribe-content text-center text-lg-left\">\r\r\n\t\t\t\t\t\t\t\r\n\t\t\t\t\t\t\t<h3 class=\"text-white mrb-10 mrb-md-15 font-30\">Build your brilliant career with us<\/h3>\r\r\n\t\t\t\t\t\t\t\r\n\t\t\t\t\t\t\t\r\n\t\t\t\t\t\t\t<p class=\"text-white mrb-0 mrb-md-20\">We will provide consultation assistance to doctors in a complete manner.<\/p>\r\r\n\t\t\t\t\t\t\t\r\n\t\t\t\t\t\t<\/div>\r\r\n\t\t\t\t\t<\/div>\r\r\n\t\t\t\t\t<div class=\"col-lg-4 col-xl-4\">\r\r\n\t\t\t\t\t\t\r\n\t\t\t\t\t\t<div class=\"action-btn text-center text-lg-right\">\r\r\n\t\t\t\t\t\t\t<a href=\"https:\/\/ppds-germany.com\/en\/contact\/\" class=\"cs-btn-one btn-light mrt-10 f-weight-700\">Contact Us<\/a>\r\r\n\t\t\t\t\t\t<\/div>\r\r\n\t\t\t\t\t\t\r\n\t\t\t\t\t<\/div>\r\r\n\t\t\t\t<\/div>\r\r\n\t\t\t<\/div>\r\r\n\t\t<\/section>\r\r\n\t\r\n\t\t\t<\/div>\n\t\t\t\t<\/div>\n\t\t\t\t\t\t<\/div>\n\t\t\t\t\t<\/div>\n\t\t<\/div>\n\t\t\t\t\t\t\t\t<\/div>\n\t\t\t\t\t<\/div>\n\t\t<\/section>\n\t\t\t\t\t\t<\/div>\n\t\t\t\t\t\t<\/div>\n\t\t\t\t\t<\/div>","protected":false},"excerpt":{"rendered":"<p>Fachsprachenpr\u00fcfung Home Fachsprachenpr\u00fcfung Fachspra chenpr\u00fcfung Home Fachspra chenpr\u00fcfung Fachsprachenpr\u00fcfung Fachsprachenpr\u00fcfung adalah ujian bahasa kedokteran yang merupakan salah satu syarat untuk dapat bekerja sebagai seorang dokter di Jerman, Anda memerlukan bukti yang diakui atas kemampuan bahasa Anda dalam bahasa Jerman untuk pengakuan profesional dari ikatan dokter setempat untuk mempraktikkan kedokteran di Jerman. Salah satu persyaratan untuk [&hellip;]<\/p>","protected":false},"author":2,"featured_media":0,"parent":0,"menu_order":0,"comment_status":"closed","ping_status":"closed","template":"page-templates\/home2.php","meta":[],"_links":{"self":[{"href":"https:\/\/ppds-germany.com\/en\/wp-json\/wp\/v2\/pages\/997"}],"collection":[{"href":"https:\/\/ppds-germany.com\/en\/wp-json\/wp\/v2\/pages"}],"about":[{"href":"https:\/\/ppds-germany.com\/en\/wp-json\/wp\/v2\/types\/page"}],"author":[{"embeddable":true,"href":"https:\/\/ppds-germany.com\/en\/wp-json\/wp\/v2\/users\/2"}],"replies":[{"embeddable":true,"href":"https:\/\/ppds-germany.com\/en\/wp-json\/wp\/v2\/comments?post=997"}],"version-history":[{"count":22,"href":"https:\/\/ppds-germany.com\/en\/wp-json\/wp\/v2\/pages\/997\/revisions"}],"predecessor-version":[{"id":1301,"href":"https:\/\/ppds-germany.com\/en\/wp-json\/wp\/v2\/pages\/997\/revisions\/1301"}],"wp:attachment":[{"href":"https:\/\/ppds-germany.com\/en\/wp-json\/wp\/v2\/media?parent=997"}],"curies":[{"name":"wp","href":"https:\/\/api.w.org\/{rel}","templated":true}]}}